{"id":46,"date":"2019-02-05T19:02:41","date_gmt":"2019-02-05T19:02:41","guid":{"rendered":"http:\/\/kpn-legal.de\/?page_id=46"},"modified":"2020-02-12T19:49:17","modified_gmt":"2020-02-12T19:49:17","slug":"it-sofware-einfuehrung","status":"publish","type":"page","link":"https:\/\/kpn-legal.de\/de\/it-sofware-einfuehrung\/","title":{"rendered":"Sachverst\u00e4ndigent\u00e4tigkeit bei IT-Einf\u00fchrungen"},"content":{"rendered":"","protected":false},"excerpt":{"rendered":"","protected":false},"author":1,"featured_media":0,"parent":0,"menu_order":0,"comment_status":"closed","ping_status":"closed","template":"","meta":{"footnotes":""},"class_list":["post-46","page","type-page","status-publish","hentry"],"_links":{"self":[{"href":"https:\/\/kpn-legal.de\/de\/wp-json\/wp\/v2\/pages\/46","targetHints":{"allow":["GET"]}}],"collection":[{"href":"https:\/\/kpn-legal.de\/de\/wp-json\/wp\/v2\/pages"}],"about":[{"href":"https:\/\/kpn-legal.de\/de\/wp-json\/wp\/v2\/types\/page"}],"author":[{"embeddable":true,"href":"https:\/\/kpn-legal.de\/de\/wp-json\/wp\/v2\/users\/1"}],"replies":[{"embeddable":true,"href":"https:\/\/kpn-legal.de\/de\/wp-json\/wp\/v2\/comments?post=46"}],"version-history":[{"count":7,"href":"https:\/\/kpn-legal.de\/de\/wp-json\/wp\/v2\/pages\/46\/revisions"}],"predecessor-version":[{"id":571,"href":"https:\/\/kpn-legal.de\/de\/wp-json\/wp\/v2\/pages\/46\/revisions\/571"}],"wp:attachment":[{"href":"https:\/\/kpn-legal.de\/de\/wp-json\/wp\/v2\/media?parent=46"}],"curies":[{"name":"wp","href":"https:\/\/api.w.org\/{rel}","templated":true}]}}